{"id":12,"date":"2011-02-24T22:41:25","date_gmt":"2011-02-24T22:41:25","guid":{"rendered":"http:\/\/www.motocinda.cz\/?page_id=12"},"modified":"2012-06-14T20:30:20","modified_gmt":"2012-06-14T20:30:20","slug":"houmlesak","status":"publish","type":"page","link":"https:\/\/www.motocinda.cz\/?page_id=12","title":{"rendered":"Kontakty"},"content":{"rendered":"<p><strong>Kde n\u00e1s najdete:<br \/>\n<\/strong>MOTOCINDA<br \/>\nC\u00edsa\u0159sk\u00e1 louka 599<br \/>\nPraha 5,\u00a0150 00<br \/>\nTel.: 775 648 500<br \/>\nemail: \u00a0<a href=\"mailto:servis@motocinda.cz\" target=\"_blank\">servis@motocinda.cz<\/a><\/p>\n<p>Po vjezdu na ostrov C\u00edsa\u0159sk\u00e1 louka n\u00e1sledujte cedule &#8222;<strong>MOTOCINDA<\/strong>&#8222;.<br \/>\nPro cestu &#8222;po sv\u00fdch&#8220; m\u016f\u017eete vyu\u017e\u00edt tak\u00e9 <strong><a title=\"p\u0159\u00edvoz\" href=\"http:\/\/www.prazskebenatky.cz\/files\/pages\/34-privozy-a-jizdni-rady\/p5_120331-pdf.pdf\" target=\"_blank\">p\u0159\u00edvoz<\/a><\/strong>, kter\u00fd z ostrova vyplouv\u00e1 ka\u017edou p\u016flhodinu<strong>\u00a0<\/strong>a zastavuje na V\u00fdtoni na prav\u00e9m b\u0159ehu a bl\u00edzko botelu Admir\u00e1l na lev\u00e9m sm\u00edchovsk\u00e9m b\u0159ehu.<\/p>\n<p><small><a style=\"color: #0000ff; text-align: left;\" href=\"http:\/\/maps.google.cz\/maps?q=50.06236,14.413247&amp;num=1&amp;sll=50.058581,14.413885&amp;sspn=0.014928,0.006295&amp;hl=cs&amp;brcurrent=5,0,0&amp;ie=UTF8&amp;ll=50.059963,14.413934&amp;spn=0.013473,0.042272&amp;z=14&amp;source=embed\" target=\"_blank\">Zv\u011bt\u0161it mapu<\/a><\/small><\/p>\n<p><a href=\"http:\/\/www.motocinda.cz\/wp-content\/uploads\/sites\/3\/2011\/02\/mapa1.jpg\" target=\"_blank\"><img fetchpriority=\"high\" decoding=\"async\" class=\"size-medium wp-image-36 alignleft\" title=\"Cesta k n\u00e1m\" src=\"http:\/\/www.motocinda.cz\/wp-content\/uploads\/sites\/3\/2011\/02\/mapa1-300x297.jpg\" alt=\"\" width=\"300\" height=\"297\" srcset=\"https:\/\/www.motocinda.cz\/wp-content\/uploads\/sites\/3\/2011\/02\/mapa1-300x297.jpg 300w, https:\/\/www.motocinda.cz\/wp-content\/uploads\/sites\/3\/2011\/02\/mapa1-150x150.jpg 150w, https:\/\/www.motocinda.cz\/wp-content\/uploads\/sites\/3\/2011\/02\/mapa1.jpg 302w\" sizes=\"(max-width: 300px) 100vw, 300px\" \/><\/a><\/p>\n","protected":false},"excerpt":{"rendered":"<p>Kde n\u00e1s najdete: MOTOCINDA C\u00edsa\u0159sk\u00e1 louka 599 Praha 5,\u00a0150 00 Tel.: 775 648 500 email: \u00a0servis@motocinda.cz Po vjezdu na ostrov C\u00edsa\u0159sk\u00e1 louka n\u00e1sledujte cedule &#8222;MOTOCINDA&#8222;. Pro cestu &#8222;po sv\u00fdch&#8220; m\u016f\u017eete vyu\u017e\u00edt tak\u00e9 p\u0159\u00edvoz, kter\u00fd z ostrova vyplouv\u00e1 ka\u017edou p\u016flhodinu\u00a0a zastavuje &hellip; <a href=\"https:\/\/www.motocinda.cz\/?page_id=12\">Cel\u00fd p\u0159\u00edsp\u011bvek <span class=\"meta-nav\">&rarr;<\/span><\/a><\/p>\n","protected":false},"author":4,"featured_media":0,"parent":0,"menu_order":0,"comment_status":"closed","ping_status":"closed","template":"","meta":{"ngg_post_thumbnail":0,"footnotes":""},"class_list":["post-12","page","type-page","status-publish","hentry"],"yoast_head":"<!-- This site is optimized with the Yoast SEO plugin v24.4 - https:\/\/yoast.com\/wordpress\/plugins\/seo\/ -->\n<title>Kontakty - Luk\u00e1\u0161 Sad\u00edlek - Moto Cinda<\/title>\n<meta name=\"robots\" content=\"index, follow, max-snippet:-1, max-image-preview:large, max-video-preview:-1\" \/>\n<link rel=\"canonical\" href=\"https:\/\/www.motocinda.cz\/?page_id=12\" \/>\n<meta property=\"og:locale\" content=\"cs_CZ\" \/>\n<meta property=\"og:type\" content=\"article\" \/>\n<meta property=\"og:title\" content=\"Kontakty - Luk\u00e1\u0161 Sad\u00edlek - Moto Cinda\" \/>\n<meta property=\"og:description\" content=\"Kde n\u00e1s najdete: MOTOCINDA C\u00edsa\u0159sk\u00e1 louka 599 Praha 5,\u00a0150 00 Tel.: 775 648 500 email: \u00a0servis@motocinda.cz Po vjezdu na ostrov C\u00edsa\u0159sk\u00e1 louka n\u00e1sledujte cedule &#8222;MOTOCINDA&#8222;. Pro cestu &#8222;po sv\u00fdch&#8220; m\u016f\u017eete vyu\u017e\u00edt tak\u00e9 p\u0159\u00edvoz, kter\u00fd z ostrova vyplouv\u00e1 ka\u017edou p\u016flhodinu\u00a0a zastavuje &hellip; Cel\u00fd p\u0159\u00edsp\u011bvek &rarr;\" \/>\n<meta property=\"og:url\" content=\"https:\/\/www.motocinda.cz\/?page_id=12\" \/>\n<meta property=\"og:site_name\" content=\"Luk\u00e1\u0161 Sad\u00edlek - Moto Cinda\" \/>\n<meta property=\"article:modified_time\" content=\"2012-06-14T20:30:20+00:00\" \/>\n<meta property=\"og:image\" content=\"http:\/\/www.motocinda.cz\/wp-content\/uploads\/sites\/3\/2011\/02\/mapa1-300x297.jpg\" \/>\n<meta name=\"twitter:card\" content=\"summary_large_image\" \/>\n<script type=\"application\/ld+json\" class=\"yoast-schema-graph\">{\"@context\":\"https:\/\/schema.org\",\"@graph\":[{\"@type\":\"WebPage\",\"@id\":\"https:\/\/www.motocinda.cz\/?page_id=12\",\"url\":\"https:\/\/www.motocinda.cz\/?page_id=12\",\"name\":\"Kontakty - Luk\u00e1\u0161 Sad\u00edlek - Moto Cinda\",\"isPartOf\":{\"@id\":\"https:\/\/www.motocinda.cz\/#website\"},\"primaryImageOfPage\":{\"@id\":\"https:\/\/www.motocinda.cz\/?page_id=12#primaryimage\"},\"image\":{\"@id\":\"https:\/\/www.motocinda.cz\/?page_id=12#primaryimage\"},\"thumbnailUrl\":\"http:\/\/www.motocinda.cz\/wp-content\/uploads\/sites\/3\/2011\/02\/mapa1-300x297.jpg\",\"datePublished\":\"2011-02-24T22:41:25+00:00\",\"dateModified\":\"2012-06-14T20:30:20+00:00\",\"breadcrumb\":{\"@id\":\"https:\/\/www.motocinda.cz\/?page_id=12#breadcrumb\"},\"inLanguage\":\"cs\",\"potentialAction\":[{\"@type\":\"ReadAction\",\"target\":[\"https:\/\/www.motocinda.cz\/?page_id=12\"]}]},{\"@type\":\"ImageObject\",\"inLanguage\":\"cs\",\"@id\":\"https:\/\/www.motocinda.cz\/?page_id=12#primaryimage\",\"url\":\"http:\/\/www.motocinda.cz\/wp-content\/uploads\/sites\/3\/2011\/02\/mapa1-300x297.jpg\",\"contentUrl\":\"http:\/\/www.motocinda.cz\/wp-content\/uploads\/sites\/3\/2011\/02\/mapa1-300x297.jpg\"},{\"@type\":\"BreadcrumbList\",\"@id\":\"https:\/\/www.motocinda.cz\/?page_id=12#breadcrumb\",\"itemListElement\":[{\"@type\":\"ListItem\",\"position\":1,\"name\":\"Dom\u016f\",\"item\":\"https:\/\/www.motocinda.cz\/\"},{\"@type\":\"ListItem\",\"position\":2,\"name\":\"Kontakty\"}]},{\"@type\":\"WebSite\",\"@id\":\"https:\/\/www.motocinda.cz\/#website\",\"url\":\"https:\/\/www.motocinda.cz\/\",\"name\":\"Luk\u00e1\u0161 Sad\u00edlek - Moto Cinda\",\"description\":\"Servis motocykl\u016f a lod\u00ed\",\"potentialAction\":[{\"@type\":\"SearchAction\",\"target\":{\"@type\":\"EntryPoint\",\"urlTemplate\":\"https:\/\/www.motocinda.cz\/?s={search_term_string}\"},\"query-input\":{\"@type\":\"PropertyValueSpecification\",\"valueRequired\":true,\"valueName\":\"search_term_string\"}}],\"inLanguage\":\"cs\"}]}<\/script>\n<!-- \/ Yoast SEO plugin. -->","yoast_head_json":{"title":"Kontakty - Luk\u00e1\u0161 Sad\u00edlek - Moto Cinda","robots":{"index":"index","follow":"follow","max-snippet":"max-snippet:-1","max-image-preview":"max-image-preview:large","max-video-preview":"max-video-preview:-1"},"canonical":"https:\/\/www.motocinda.cz\/?page_id=12","og_locale":"cs_CZ","og_type":"article","og_title":"Kontakty - Luk\u00e1\u0161 Sad\u00edlek - Moto Cinda","og_description":"Kde n\u00e1s najdete: MOTOCINDA C\u00edsa\u0159sk\u00e1 louka 599 Praha 5,\u00a0150 00 Tel.: 775 648 500 email: \u00a0servis@motocinda.cz Po vjezdu na ostrov C\u00edsa\u0159sk\u00e1 louka n\u00e1sledujte cedule &#8222;MOTOCINDA&#8222;. Pro cestu &#8222;po sv\u00fdch&#8220; m\u016f\u017eete vyu\u017e\u00edt tak\u00e9 p\u0159\u00edvoz, kter\u00fd z ostrova vyplouv\u00e1 ka\u017edou p\u016flhodinu\u00a0a zastavuje &hellip; Cel\u00fd p\u0159\u00edsp\u011bvek &rarr;","og_url":"https:\/\/www.motocinda.cz\/?page_id=12","og_site_name":"Luk\u00e1\u0161 Sad\u00edlek - Moto Cinda","article_modified_time":"2012-06-14T20:30:20+00:00","og_image":[{"url":"http:\/\/www.motocinda.cz\/wp-content\/uploads\/sites\/3\/2011\/02\/mapa1-300x297.jpg","type":"","width":"","height":""}],"twitter_card":"summary_large_image","schema":{"@context":"https:\/\/schema.org","@graph":[{"@type":"WebPage","@id":"https:\/\/www.motocinda.cz\/?page_id=12","url":"https:\/\/www.motocinda.cz\/?page_id=12","name":"Kontakty - Luk\u00e1\u0161 Sad\u00edlek - Moto Cinda","isPartOf":{"@id":"https:\/\/www.motocinda.cz\/#website"},"primaryImageOfPage":{"@id":"https:\/\/www.motocinda.cz\/?page_id=12#primaryimage"},"image":{"@id":"https:\/\/www.motocinda.cz\/?page_id=12#primaryimage"},"thumbnailUrl":"http:\/\/www.motocinda.cz\/wp-content\/uploads\/sites\/3\/2011\/02\/mapa1-300x297.jpg","datePublished":"2011-02-24T22:41:25+00:00","dateModified":"2012-06-14T20:30:20+00:00","breadcrumb":{"@id":"https:\/\/www.motocinda.cz\/?page_id=12#breadcrumb"},"inLanguage":"cs","potentialAction":[{"@type":"ReadAction","target":["https:\/\/www.motocinda.cz\/?page_id=12"]}]},{"@type":"ImageObject","inLanguage":"cs","@id":"https:\/\/www.motocinda.cz\/?page_id=12#primaryimage","url":"http:\/\/www.motocinda.cz\/wp-content\/uploads\/sites\/3\/2011\/02\/mapa1-300x297.jpg","contentUrl":"http:\/\/www.motocinda.cz\/wp-content\/uploads\/sites\/3\/2011\/02\/mapa1-300x297.jpg"},{"@type":"BreadcrumbList","@id":"https:\/\/www.motocinda.cz\/?page_id=12#breadcrumb","itemListElement":[{"@type":"ListItem","position":1,"name":"Dom\u016f","item":"https:\/\/www.motocinda.cz\/"},{"@type":"ListItem","position":2,"name":"Kontakty"}]},{"@type":"WebSite","@id":"https:\/\/www.motocinda.cz\/#website","url":"https:\/\/www.motocinda.cz\/","name":"Luk\u00e1\u0161 Sad\u00edlek - Moto Cinda","description":"Servis motocykl\u016f a lod\u00ed","potentialAction":[{"@type":"SearchAction","target":{"@type":"EntryPoint","urlTemplate":"https:\/\/www.motocinda.cz\/?s={search_term_string}"},"query-input":{"@type":"PropertyValueSpecification","valueRequired":true,"valueName":"search_term_string"}}],"inLanguage":"cs"}]}},"_links":{"self":[{"href":"https:\/\/www.motocinda.cz\/index.php?rest_route=\/wp\/v2\/pages\/12","targetHints":{"allow":["GET"]}}],"collection":[{"href":"https:\/\/www.motocinda.cz\/index.php?rest_route=\/wp\/v2\/pages"}],"about":[{"href":"https:\/\/www.motocinda.cz\/index.php?rest_route=\/wp\/v2\/types\/page"}],"author":[{"embeddable":true,"href":"https:\/\/www.motocinda.cz\/index.php?rest_route=\/wp\/v2\/users\/4"}],"replies":[{"embeddable":true,"href":"https:\/\/www.motocinda.cz\/index.php?rest_route=%2Fwp%2Fv2%2Fcomments&post=12"}],"version-history":[{"count":22,"href":"https:\/\/www.motocinda.cz\/index.php?rest_route=\/wp\/v2\/pages\/12\/revisions"}],"predecessor-version":[{"id":16,"href":"https:\/\/www.motocinda.cz\/index.php?rest_route=\/wp\/v2\/pages\/12\/revisions\/16"}],"wp:attachment":[{"href":"https:\/\/www.motocinda.cz\/index.php?rest_route=%2Fwp%2Fv2%2Fmedia&parent=12"}],"curies":[{"name":"wp","href":"https:\/\/api.w.org\/{rel}","templated":true}]}}